{"id":825,"date":"2026-02-01T19:22:45","date_gmt":"2026-02-01T18:22:45","guid":{"rendered":"https:\/\/www.fitmin-kennel.cz\/?page_id=825"},"modified":"2026-02-01T19:25:26","modified_gmt":"2026-02-01T18:25:26","slug":"crazy_abbie","status":"publish","type":"page","link":"https:\/\/www.fitmin-kennel.cz\/?page_id=825","title":{"rendered":"Crazy Abbie"},"content":{"rendered":"\t\t<div data-elementor-type=\"wp-page\" data-elementor-id=\"825\" class=\"elementor elementor-825\">\n\t\t\t\t<div class=\"elementor-element elementor-element-7e540c6 e-flex e-con-boxed e-con e-parent\" data-id=\"7e540c6\" data-element_type=\"container\" data-settings=\"{&quot;background_background&quot;:&quot;classic&quot;}\">\n\t\t\t\t\t<div class=\"e-con-inner\">\n\t\t\t\t<div class=\"elementor-element elementor-element-314b0c0 elementor-widget elementor-widget-heading\" data-id=\"314b0c0\" data-element_type=\"widget\" data-widget_type=\"heading.default\">\n\t\t\t\t<div class=\"elementor-widget-container\">\n\t\t\t\t\t<h1 class=\"elementor-heading-title elementor-size-default\">Na\u0161e sme\u010dka<\/h1>\t\t\t\t<\/div>\n\t\t\t\t<\/div>\n\t\t\t\t\t<\/div>\n\t\t\t\t<\/div>\n\t\t<div class=\"elementor-element elementor-element-1a7a52e e-flex e-con-boxed e-con e-parent\" data-id=\"1a7a52e\" data-element_type=\"container\">\n\t\t\t\t\t<div class=\"e-con-inner\">\n\t\t\t\t<div class=\"elementor-element elementor-element-bd03943 elementor-widget elementor-widget-heading\" data-id=\"bd03943\" data-element_type=\"widget\" data-widget_type=\"heading.default\">\n\t\t\t\t<div class=\"elementor-widget-container\">\n\t\t\t\t\t<h2 class=\"elementor-heading-title elementor-size-default\">Crazy Abbie<\/h2>\t\t\t\t<\/div>\n\t\t\t\t<\/div>\n\t\t\t\t\t<\/div>\n\t\t\t\t<\/div>\n\t\t<div class=\"elementor-element elementor-element-6d5dad9 e-flex e-con-boxed e-con e-parent\" data-id=\"6d5dad9\" data-element_type=\"container\">\n\t\t\t\t\t<div class=\"e-con-inner\">\n\t\t\t\t<div class=\"elementor-element elementor-element-653afb8 elementor-widget elementor-widget-text-editor\" data-id=\"653afb8\" data-element_type=\"widget\" data-widget_type=\"text-editor.default\">\n\t\t\t\t<div class=\"elementor-widget-container\">\n\t\t\t\t\t\t\t\t\t<p>4.5.2024<br \/>Otec: Zeus z Pocztowej Border Collie<br \/>Matka: Just Be Happy Fitmin<br \/>V\u00fdstavy: For Pets Cup \u2013 6x V\u00fdborn\u00e1 1, v\u00edt\u011bz t\u0159\u00eddy,2 x CAJC, 3x CACIB-J,3x Youth winner, 3xBest junior, 2x BOB, BOS. V2 res. CAC<br \/>DKK (HD) A, DKL 0\/0, OCD clear, DOV prost\u00e1<br \/>\u0160ampion\u00e1ty: Polsk\u00fd junior \u0161ampion<br \/>Rodokmen: <a href=\"https:\/\/db.bcccz.eu\/home\/dog\/20965\">https:\/\/db.bcccz.eu\/home\/dog\/20965<\/a><\/p>\t\t\t\t\t\t\t\t<\/div>\n\t\t\t\t<\/div>\n\t\t\t\t\t<\/div>\n\t\t\t\t<\/div>\n\t\t<div class=\"elementor-element elementor-element-04f21cc e-flex e-con-boxed e-con e-parent\" data-id=\"04f21cc\" data-element_type=\"container\">\n\t\t\t\t\t<div class=\"e-con-inner\">\n\t\t<div class=\"elementor-element elementor-element-e00cd96 e-con-full e-flex e-con e-child\" data-id=\"e00cd96\" data-element_type=\"container\">\n\t\t\t\t<div class=\"elementor-element elementor-element-b5f741e elementor-widget elementor-widget-image\" data-id=\"b5f741e\" data-element_type=\"widget\" data-widget_type=\"image.default\">\n\t\t\t\t<div class=\"elementor-widget-container\">\n\t\t\t\t\t\t\t\t\t\t\t\t\t\t\t<img fetchpriority=\"high\" decoding=\"async\" width=\"683\" height=\"1024\" src=\"https:\/\/www.fitmin-kennel.cz\/wp-content\/uploads\/dsc_0085_optimized-e1769968756131-683x1024.jpg\" class=\"attachment-large size-large wp-image-817\" alt=\"\" srcset=\"https:\/\/www.fitmin-kennel.cz\/wp-content\/uploads\/dsc_0085_optimized-e1769968756131-683x1024.jpg 683w, https:\/\/www.fitmin-kennel.cz\/wp-content\/uploads\/dsc_0085_optimized-e1769968756131-200x300.jpg 200w, https:\/\/www.fitmin-kennel.cz\/wp-content\/uploads\/dsc_0085_optimized-e1769968756131-768x1152.jpg 768w, https:\/\/www.fitmin-kennel.cz\/wp-content\/uploads\/dsc_0085_optimized-e1769968756131-1024x1536.jpg 1024w, https:\/\/www.fitmin-kennel.cz\/wp-content\/uploads\/dsc_0085_optimized-e1769968756131-1365x2048.jpg 1365w\" sizes=\"(max-width: 683px) 100vw, 683px\" \/>\t\t\t\t\t\t\t\t\t\t\t\t\t\t\t<\/div>\n\t\t\t\t<\/div>\n\t\t\t\t<\/div>\n\t\t<div class=\"elementor-element elementor-element-781f333 e-con-full e-flex e-con e-child\" data-id=\"781f333\" data-element_type=\"container\">\n\t\t<div class=\"elementor-element elementor-element-ddad128 e-con-full e-flex e-con e-child\" data-id=\"ddad128\" data-element_type=\"container\">\n\t\t\t\t<div class=\"elementor-element elementor-element-3a53a98 elementor-widget elementor-widget-image\" data-id=\"3a53a98\" data-element_type=\"widget\" data-widget_type=\"image.default\">\n\t\t\t\t<div class=\"elementor-widget-container\">\n\t\t\t\t\t\t\t\t\t\t\t\t\t\t\t<img decoding=\"async\" width=\"1024\" height=\"683\" src=\"https:\/\/www.fitmin-kennel.cz\/wp-content\/uploads\/dsc_0049_optimized-1024x683.jpg\" class=\"attachment-large size-large wp-image-827\" alt=\"\" srcset=\"https:\/\/www.fitmin-kennel.cz\/wp-content\/uploads\/dsc_0049_optimized-1024x683.jpg 1024w, https:\/\/www.fitmin-kennel.cz\/wp-content\/uploads\/dsc_0049_optimized-300x200.jpg 300w, https:\/\/www.fitmin-kennel.cz\/wp-content\/uploads\/dsc_0049_optimized-768x512.jpg 768w, https:\/\/www.fitmin-kennel.cz\/wp-content\/uploads\/dsc_0049_optimized-1536x1024.jpg 1536w, https:\/\/www.fitmin-kennel.cz\/wp-content\/uploads\/dsc_0049_optimized-2048x1365.jpg 2048w\" sizes=\"(max-width: 1024px) 100vw, 1024px\" \/>\t\t\t\t\t\t\t\t\t\t\t\t\t\t\t<\/div>\n\t\t\t\t<\/div>\n\t\t\t\t<div class=\"elementor-element elementor-element-933a49d elementor-widget elementor-widget-image\" data-id=\"933a49d\" data-element_type=\"widget\" data-widget_type=\"image.default\">\n\t\t\t\t<div class=\"elementor-widget-container\">\n\t\t\t\t\t\t\t\t\t\t\t\t\t\t\t<img decoding=\"async\" width=\"1024\" height=\"683\" src=\"https:\/\/www.fitmin-kennel.cz\/wp-content\/uploads\/dsc_0057_optimized-1024x683.jpg\" class=\"attachment-large size-large wp-image-818\" alt=\"\" srcset=\"https:\/\/www.fitmin-kennel.cz\/wp-content\/uploads\/dsc_0057_optimized-1024x683.jpg 1024w, https:\/\/www.fitmin-kennel.cz\/wp-content\/uploads\/dsc_0057_optimized-300x200.jpg 300w, https:\/\/www.fitmin-kennel.cz\/wp-content\/uploads\/dsc_0057_optimized-768x512.jpg 768w, https:\/\/www.fitmin-kennel.cz\/wp-content\/uploads\/dsc_0057_optimized-1536x1024.jpg 1536w, https:\/\/www.fitmin-kennel.cz\/wp-content\/uploads\/dsc_0057_optimized-2048x1365.jpg 2048w\" sizes=\"(max-width: 1024px) 100vw, 1024px\" \/>\t\t\t\t\t\t\t\t\t\t\t\t\t\t\t<\/div>\n\t\t\t\t<\/div>\n\t\t\t\t<\/div>\n\t\t\t\t<\/div>\n\t\t\t\t\t<\/div>\n\t\t\t\t<\/div>\n\t\t\t\t<\/div>\n\t\t","protected":false},"excerpt":{"rendered":"<p>Na\u0161e sme\u010dka Crazy Abbie 4.5.2024Otec: Zeus z Pocztowej Border CollieMatka: Just Be Happy FitminV\u00fdstavy: For Pets Cup \u2013 6x V\u00fdborn\u00e1 [&hellip;]<\/p>\n","protected":false},"author":1,"featured_media":0,"parent":0,"menu_order":0,"comment_status":"closed","ping_status":"closed","template":"","meta":{"site-sidebar-layout":"no-sidebar","site-content-layout":"","ast-site-content-layout":"full-width-container","site-content-style":"default","site-sidebar-style":"default","ast-global-header-display":"","ast-banner-title-visibility":"","ast-main-header-display":"","ast-hfb-above-header-display":"","ast-hfb-below-header-display":"","ast-hfb-mobile-header-display":"","site-post-title":"disabled","ast-breadcrumbs-content":"","ast-featured-img":"disabled","footer-sml-layout":"","theme-transparent-header-meta":"","adv-header-id-meta":"","stick-header-meta":"","header-above-stick-meta":"","header-main-stick-meta":"","header-below-stick-meta":"","astra-migrate-meta-layouts":"default","ast-page-background-enabled":"default","ast-page-background-meta":{"desktop":{"background-color":"var(--ast-global-color-5)","background-image":"","background-repeat":"repeat","background-position":"center center","background-size":"auto","background-attachment":"scroll","background-type":"","background-media":"","overlay-type":"","overlay-color":"","overlay-opacity":"","overlay-gradient":""},"tablet":{"background-color":"","background-image":"","background-repeat":"repeat","background-position":"center center","background-size":"auto","background-attachment":"scroll","background-type":"","background-media":"","overlay-type":"","overlay-color":"","overlay-opacity":"","overlay-gradient":""},"mobile":{"background-color":"","background-image":"","background-repeat":"repeat","background-position":"center center","background-size":"auto","background-attachment":"scroll","background-type":"","background-media":"","overlay-type":"","overlay-color":"","overlay-opacity":"","overlay-gradient":""}},"ast-content-background-meta":{"desktop":{"background-color":"var(--ast-global-color-4)","background-image":"","background-repeat":"repeat","background-position":"center center","background-size":"auto","background-attachment":"scroll","background-type":"","background-media":"","overlay-type":"","overlay-color":"","overlay-opacity":"","overlay-gradient":""},"tablet":{"background-color":"var(--ast-global-color-4)","background-image":"","background-repeat":"repeat","background-position":"center center","background-size":"auto","background-attachment":"scroll","background-type":"","background-media":"","overlay-type":"","overlay-color":"","overlay-opacity":"","overlay-gradient":""},"mobile":{"background-color":"var(--ast-global-color-4)","background-image":"","background-repeat":"repeat","background-position":"center center","background-size":"auto","background-attachment":"scroll","background-type":"","background-media":"","overlay-type":"","overlay-color":"","overlay-opacity":"","overlay-gradient":""}},"footnotes":""},"class_list":["post-825","page","type-page","status-publish","hentry"],"_links":{"self":[{"href":"https:\/\/www.fitmin-kennel.cz\/index.php?rest_route=\/wp\/v2\/pages\/825","targetHints":{"allow":["GET"]}}],"collection":[{"href":"https:\/\/www.fitmin-kennel.cz\/index.php?rest_route=\/wp\/v2\/pages"}],"about":[{"href":"https:\/\/www.fitmin-kennel.cz\/index.php?rest_route=\/wp\/v2\/types\/page"}],"author":[{"embeddable":true,"href":"https:\/\/www.fitmin-kennel.cz\/index.php?rest_route=\/wp\/v2\/users\/1"}],"replies":[{"embeddable":true,"href":"https:\/\/www.fitmin-kennel.cz\/index.php?rest_route=%2Fwp%2Fv2%2Fcomments&post=825"}],"version-history":[{"count":4,"href":"https:\/\/www.fitmin-kennel.cz\/index.php?rest_route=\/wp\/v2\/pages\/825\/revisions"}],"predecessor-version":[{"id":831,"href":"https:\/\/www.fitmin-kennel.cz\/index.php?rest_route=\/wp\/v2\/pages\/825\/revisions\/831"}],"wp:attachment":[{"href":"https:\/\/www.fitmin-kennel.cz\/index.php?rest_route=%2Fwp%2Fv2%2Fmedia&parent=825"}],"curies":[{"name":"wp","href":"https:\/\/api.w.org\/{rel}","templated":true}]}}