{"id":529,"date":"2025-07-01T09:49:51","date_gmt":"2025-07-01T07:49:51","guid":{"rendered":"https:\/\/www.fitmin-kennel.cz\/?page_id=529"},"modified":"2025-11-20T11:12:54","modified_gmt":"2025-11-20T10:12:54","slug":"only-one-goddess-fitmin","status":"publish","type":"page","link":"https:\/\/www.fitmin-kennel.cz\/?page_id=529","title":{"rendered":"Only One Goddess Fitmin"},"content":{"rendered":"\t\t<div data-elementor-type=\"wp-page\" data-elementor-id=\"529\" class=\"elementor elementor-529\">\n\t\t\t\t<div class=\"elementor-element elementor-element-7e540c6 e-flex e-con-boxed e-con e-parent\" data-id=\"7e540c6\" data-element_type=\"container\" data-settings=\"{&quot;background_background&quot;:&quot;classic&quot;}\">\n\t\t\t\t\t<div class=\"e-con-inner\">\n\t\t\t\t<div class=\"elementor-element elementor-element-314b0c0 elementor-widget elementor-widget-heading\" data-id=\"314b0c0\" data-element_type=\"widget\" data-widget_type=\"heading.default\">\n\t\t\t\t<div class=\"elementor-widget-container\">\n\t\t\t\t\t<h1 class=\"elementor-heading-title elementor-size-default\">Na\u0161e sme\u010dka<\/h1>\t\t\t\t<\/div>\n\t\t\t\t<\/div>\n\t\t\t\t\t<\/div>\n\t\t\t\t<\/div>\n\t\t<div class=\"elementor-element elementor-element-1a7a52e e-flex e-con-boxed e-con e-parent\" data-id=\"1a7a52e\" data-element_type=\"container\">\n\t\t\t\t\t<div class=\"e-con-inner\">\n\t\t\t\t<div class=\"elementor-element elementor-element-bd03943 elementor-widget elementor-widget-heading\" data-id=\"bd03943\" data-element_type=\"widget\" data-widget_type=\"heading.default\">\n\t\t\t\t<div class=\"elementor-widget-container\">\n\t\t\t\t\t<h2 class=\"elementor-heading-title elementor-size-default\">Only One Goddess Fitmin<\/h2>\t\t\t\t<\/div>\n\t\t\t\t<\/div>\n\t\t\t\t\t<\/div>\n\t\t\t\t<\/div>\n\t\t<div class=\"elementor-element elementor-element-6d5dad9 e-flex e-con-boxed e-con e-parent\" data-id=\"6d5dad9\" data-element_type=\"container\">\n\t\t\t\t\t<div class=\"e-con-inner\">\n\t\t\t\t<div class=\"elementor-element elementor-element-653afb8 elementor-widget elementor-widget-text-editor\" data-id=\"653afb8\" data-element_type=\"widget\" data-widget_type=\"text-editor.default\">\n\t\t\t\t<div class=\"elementor-widget-container\">\n\t\t\t\t\t\t\t\t\t<p>Narozena: 21.6.2020<br \/>Otec: Chocolate Chips z\u00a0\u010cernob\u00edl\u00fdch<br \/>Matka: Brilliance Baileys Fitmin<br \/>DKK (HD) A, DKL 0\/0, OCD clear, spondylosa 0, DOV prost\u00e1<br \/>Genetick\u00e9 vy\u0161et\u0159en\u00ed:\u00a0<br \/>DNA CEA,TNS, NCL &#8211; normal<br \/>RS, SN, IGS, DM, MDR1 &#8211; \u010dist\u00e9<br \/>GG \u2013 N\/P<br \/>V\u00fd\u0161ka 48 cm, d\u00e9lka 52 cm<br \/>V\u00fdstavy: V\u00fdborn\u00e1 1, CAJC, BOJ,6x V\u00fdborn\u00e1 2, 5x res. CAC, 2x V\u00fdborn\u00e1 4<br \/>Rodokmen: <a href=\"https:\/\/db.bcccz.eu\/home\/dog\/16871\">https:\/\/db.bcccz.eu\/home\/dog\/16871<\/a><\/p>\t\t\t\t\t\t\t\t<\/div>\n\t\t\t\t<\/div>\n\t\t\t\t\t<\/div>\n\t\t\t\t<\/div>\n\t\t<div class=\"elementor-element elementor-element-1e4d696 e-flex e-con-boxed e-con e-parent\" data-id=\"1e4d696\" data-element_type=\"container\">\n\t\t\t\t\t<div class=\"e-con-inner\">\n\t\t<div class=\"elementor-element elementor-element-dd19cc1 e-con-full e-flex e-con e-child\" data-id=\"dd19cc1\" data-element_type=\"container\">\n\t\t\t\t<div class=\"elementor-element elementor-element-4cf1c11 elementor-widget elementor-widget-image\" data-id=\"4cf1c11\" data-element_type=\"widget\" data-widget_type=\"image.default\">\n\t\t\t\t<div class=\"elementor-widget-container\">\n\t\t\t\t\t\t\t\t\t\t\t\t\t\t\t<img fetchpriority=\"high\" decoding=\"async\" width=\"683\" height=\"1024\" src=\"https:\/\/www.fitmin-kennel.cz\/wp-content\/uploads\/2025\/07\/DSC_0499_25_11zon-683x1024.jpg\" class=\"attachment-large size-large wp-image-578\" alt=\"\" srcset=\"https:\/\/www.fitmin-kennel.cz\/wp-content\/uploads\/2025\/07\/DSC_0499_25_11zon-683x1024.jpg 683w, https:\/\/www.fitmin-kennel.cz\/wp-content\/uploads\/2025\/07\/DSC_0499_25_11zon-200x300.jpg 200w, https:\/\/www.fitmin-kennel.cz\/wp-content\/uploads\/2025\/07\/DSC_0499_25_11zon-768x1152.jpg 768w, https:\/\/www.fitmin-kennel.cz\/wp-content\/uploads\/2025\/07\/DSC_0499_25_11zon-1024x1536.jpg 1024w, https:\/\/www.fitmin-kennel.cz\/wp-content\/uploads\/2025\/07\/DSC_0499_25_11zon-1365x2048.jpg 1365w, https:\/\/www.fitmin-kennel.cz\/wp-content\/uploads\/2025\/07\/DSC_0499_25_11zon-scaled.jpg 1707w\" sizes=\"(max-width: 683px) 100vw, 683px\" \/>\t\t\t\t\t\t\t\t\t\t\t\t\t\t\t<\/div>\n\t\t\t\t<\/div>\n\t\t\t\t<\/div>\n\t\t<div class=\"elementor-element elementor-element-296fdb7 e-con-full e-flex e-con e-child\" data-id=\"296fdb7\" data-element_type=\"container\">\n\t\t<div class=\"elementor-element elementor-element-50c4e26 e-con-full e-flex e-con e-child\" data-id=\"50c4e26\" data-element_type=\"container\">\n\t\t\t\t<div class=\"elementor-element elementor-element-d8a1bb4 elementor-widget elementor-widget-image\" data-id=\"d8a1bb4\" data-element_type=\"widget\" data-widget_type=\"image.default\">\n\t\t\t\t<div class=\"elementor-widget-container\">\n\t\t\t\t\t\t\t\t\t\t\t\t\t\t\t<img decoding=\"async\" width=\"1024\" height=\"683\" src=\"https:\/\/www.fitmin-kennel.cz\/wp-content\/uploads\/2025\/07\/DSC_0588_34_11zon-1024x683.jpg\" class=\"attachment-large size-large wp-image-580\" alt=\"\" srcset=\"https:\/\/www.fitmin-kennel.cz\/wp-content\/uploads\/2025\/07\/DSC_0588_34_11zon-1024x683.jpg 1024w, https:\/\/www.fitmin-kennel.cz\/wp-content\/uploads\/2025\/07\/DSC_0588_34_11zon-300x200.jpg 300w, https:\/\/www.fitmin-kennel.cz\/wp-content\/uploads\/2025\/07\/DSC_0588_34_11zon-768x512.jpg 768w, https:\/\/www.fitmin-kennel.cz\/wp-content\/uploads\/2025\/07\/DSC_0588_34_11zon-1536x1024.jpg 1536w, https:\/\/www.fitmin-kennel.cz\/wp-content\/uploads\/2025\/07\/DSC_0588_34_11zon-2048x1365.jpg 2048w\" sizes=\"(max-width: 1024px) 100vw, 1024px\" \/>\t\t\t\t\t\t\t\t\t\t\t\t\t\t\t<\/div>\n\t\t\t\t<\/div>\n\t\t\t\t<div class=\"elementor-element elementor-element-0654d51 elementor-widget elementor-widget-image\" data-id=\"0654d51\" data-element_type=\"widget\" data-widget_type=\"image.default\">\n\t\t\t\t<div class=\"elementor-widget-container\">\n\t\t\t\t\t\t\t\t\t\t\t\t\t\t\t<img decoding=\"async\" width=\"1024\" height=\"683\" src=\"https:\/\/www.fitmin-kennel.cz\/wp-content\/uploads\/2025\/07\/DSC_0527_26_11zon_11zon-1024x683.jpg\" class=\"attachment-large size-large wp-image-579\" alt=\"\" srcset=\"https:\/\/www.fitmin-kennel.cz\/wp-content\/uploads\/2025\/07\/DSC_0527_26_11zon_11zon-1024x683.jpg 1024w, https:\/\/www.fitmin-kennel.cz\/wp-content\/uploads\/2025\/07\/DSC_0527_26_11zon_11zon-300x200.jpg 300w, https:\/\/www.fitmin-kennel.cz\/wp-content\/uploads\/2025\/07\/DSC_0527_26_11zon_11zon-768x512.jpg 768w, https:\/\/www.fitmin-kennel.cz\/wp-content\/uploads\/2025\/07\/DSC_0527_26_11zon_11zon-1536x1024.jpg 1536w, https:\/\/www.fitmin-kennel.cz\/wp-content\/uploads\/2025\/07\/DSC_0527_26_11zon_11zon-2048x1365.jpg 2048w\" sizes=\"(max-width: 1024px) 100vw, 1024px\" \/>\t\t\t\t\t\t\t\t\t\t\t\t\t\t\t<\/div>\n\t\t\t\t<\/div>\n\t\t\t\t<\/div>\n\t\t\t\t<\/div>\n\t\t\t\t\t<\/div>\n\t\t\t\t<\/div>\n\t\t\t\t<\/div>\n\t\t","protected":false},"excerpt":{"rendered":"<p>Na\u0161e sme\u010dka Only One Goddess Fitmin Narozena: 21.6.2020Otec: Chocolate Chips z\u00a0\u010cernob\u00edl\u00fdchMatka: Brilliance Baileys FitminDKK (HD) A, DKL 0\/0, OCD clear, [&hellip;]<\/p>\n","protected":false},"author":1,"featured_media":0,"parent":0,"menu_order":0,"comment_status":"closed","ping_status":"closed","template":"","meta":{"site-sidebar-layout":"no-sidebar","site-content-layout":"","ast-site-content-layout":"full-width-container","site-content-style":"default","site-sidebar-style":"default","ast-global-header-display":"","ast-banner-title-visibility":"","ast-main-header-display":"","ast-hfb-above-header-display":"","ast-hfb-below-header-display":"","ast-hfb-mobile-header-display":"","site-post-title":"disabled","ast-breadcrumbs-content":"","ast-featured-img":"disabled","footer-sml-layout":"","theme-transparent-header-meta":"","adv-header-id-meta":"","stick-header-meta":"","header-above-stick-meta":"","header-main-stick-meta":"","header-below-stick-meta":"","astra-migrate-meta-layouts":"default","ast-page-background-enabled":"default","ast-page-background-meta":{"desktop":{"background-color":"var(--ast-global-color-5)","background-image":"","background-repeat":"repeat","background-position":"center center","background-size":"auto","background-attachment":"scroll","background-type":"","background-media":"","overlay-type":"","overlay-color":"","overlay-opacity":"","overlay-gradient":""},"tablet":{"background-color":"","background-image":"","background-repeat":"repeat","background-position":"center center","background-size":"auto","background-attachment":"scroll","background-type":"","background-media":"","overlay-type":"","overlay-color":"","overlay-opacity":"","overlay-gradient":""},"mobile":{"background-color":"","background-image":"","background-repeat":"repeat","background-position":"center center","background-size":"auto","background-attachment":"scroll","background-type":"","background-media":"","overlay-type":"","overlay-color":"","overlay-opacity":"","overlay-gradient":""}},"ast-content-background-meta":{"desktop":{"background-color":"var(--ast-global-color-4)","background-image":"","background-repeat":"repeat","background-position":"center center","background-size":"auto","background-attachment":"scroll","background-type":"","background-media":"","overlay-type":"","overlay-color":"","overlay-opacity":"","overlay-gradient":""},"tablet":{"background-color":"var(--ast-global-color-4)","background-image":"","background-repeat":"repeat","background-position":"center center","background-size":"auto","background-attachment":"scroll","background-type":"","background-media":"","overlay-type":"","overlay-color":"","overlay-opacity":"","overlay-gradient":""},"mobile":{"background-color":"var(--ast-global-color-4)","background-image":"","background-repeat":"repeat","background-position":"center center","background-size":"auto","background-attachment":"scroll","background-type":"","background-media":"","overlay-type":"","overlay-color":"","overlay-opacity":"","overlay-gradient":""}},"footnotes":""},"class_list":["post-529","page","type-page","status-publish","hentry"],"_links":{"self":[{"href":"https:\/\/www.fitmin-kennel.cz\/index.php?rest_route=\/wp\/v2\/pages\/529","targetHints":{"allow":["GET"]}}],"collection":[{"href":"https:\/\/www.fitmin-kennel.cz\/index.php?rest_route=\/wp\/v2\/pages"}],"about":[{"href":"https:\/\/www.fitmin-kennel.cz\/index.php?rest_route=\/wp\/v2\/types\/page"}],"author":[{"embeddable":true,"href":"https:\/\/www.fitmin-kennel.cz\/index.php?rest_route=\/wp\/v2\/users\/1"}],"replies":[{"embeddable":true,"href":"https:\/\/www.fitmin-kennel.cz\/index.php?rest_route=%2Fwp%2Fv2%2Fcomments&post=529"}],"version-history":[{"count":10,"href":"https:\/\/www.fitmin-kennel.cz\/index.php?rest_route=\/wp\/v2\/pages\/529\/revisions"}],"predecessor-version":[{"id":801,"href":"https:\/\/www.fitmin-kennel.cz\/index.php?rest_route=\/wp\/v2\/pages\/529\/revisions\/801"}],"wp:attachment":[{"href":"https:\/\/www.fitmin-kennel.cz\/index.php?rest_route=%2Fwp%2Fv2%2Fmedia&parent=529"}],"curies":[{"name":"wp","href":"https:\/\/api.w.org\/{rel}","templated":true}]}}