{"id":526,"date":"2025-07-01T09:46:03","date_gmt":"2025-07-01T07:46:03","guid":{"rendered":"https:\/\/www.fitmin-kennel.cz\/?page_id=526"},"modified":"2025-11-20T11:09:39","modified_gmt":"2025-11-20T10:09:39","slug":"zooming-to-sun-fitmin","status":"publish","type":"page","link":"https:\/\/www.fitmin-kennel.cz\/?page_id=526","title":{"rendered":"Zooming to Sun Fitmin"},"content":{"rendered":"\t\t<div data-elementor-type=\"wp-page\" data-elementor-id=\"526\" class=\"elementor elementor-526\">\n\t\t\t\t<div class=\"elementor-element elementor-element-7e540c6 e-flex e-con-boxed e-con e-parent\" data-id=\"7e540c6\" data-element_type=\"container\" data-settings=\"{&quot;background_background&quot;:&quot;classic&quot;}\">\n\t\t\t\t\t<div class=\"e-con-inner\">\n\t\t\t\t<div class=\"elementor-element elementor-element-314b0c0 elementor-widget elementor-widget-heading\" data-id=\"314b0c0\" data-element_type=\"widget\" data-widget_type=\"heading.default\">\n\t\t\t\t<div class=\"elementor-widget-container\">\n\t\t\t\t\t<h1 class=\"elementor-heading-title elementor-size-default\">Na\u0161e sme\u010dka<\/h1>\t\t\t\t<\/div>\n\t\t\t\t<\/div>\n\t\t\t\t\t<\/div>\n\t\t\t\t<\/div>\n\t\t<div class=\"elementor-element elementor-element-1a7a52e e-flex e-con-boxed e-con e-parent\" data-id=\"1a7a52e\" data-element_type=\"container\">\n\t\t\t\t\t<div class=\"e-con-inner\">\n\t\t\t\t<div class=\"elementor-element elementor-element-bd03943 elementor-widget elementor-widget-heading\" data-id=\"bd03943\" data-element_type=\"widget\" data-widget_type=\"heading.default\">\n\t\t\t\t<div class=\"elementor-widget-container\">\n\t\t\t\t\t<h2 class=\"elementor-heading-title elementor-size-default\">Zooming to Sun Fitmin<\/h2>\t\t\t\t<\/div>\n\t\t\t\t<\/div>\n\t\t\t\t\t<\/div>\n\t\t\t\t<\/div>\n\t\t<div class=\"elementor-element elementor-element-6d5dad9 e-flex e-con-boxed e-con e-parent\" data-id=\"6d5dad9\" data-element_type=\"container\">\n\t\t\t\t\t<div class=\"e-con-inner\">\n\t\t\t\t<div class=\"elementor-element elementor-element-653afb8 elementor-widget elementor-widget-text-editor\" data-id=\"653afb8\" data-element_type=\"widget\" data-widget_type=\"text-editor.default\">\n\t\t\t\t<div class=\"elementor-widget-container\">\n\t\t\t\t\t\t\t\t\t<p>Narozena 15.1.2023<br \/>Otec: Tehya Show Me the World<br \/>Matka: Lambrusco Emilia Fitmin<br \/>DKK (HD) A, DKL 0\/0, OCD clear, spondy 0<br \/>V\u00fdstavy: 6x V\u00fdborn\u00e1 1, V\u00edt\u011bz t\u0159\u00eddy mlad\u00fdch,2xCAJC,2xCACIB-J,2x BOJ,3x<br \/>CAC, CACIB,res. CACIB, BOS, 2x V\u00fdborn\u00e1 2, 2x res. CACIB<br \/>\u0160ampion\u00e1ty: Slovensk\u00fd junior \u0161ampion<br \/>Rodokmen: <a href=\"https:\/\/db.bcccz.eu\/home\/dog\/19667\">https:\/\/db.bcccz.eu\/home\/dog\/19667<\/a><\/p>\t\t\t\t\t\t\t\t<\/div>\n\t\t\t\t<\/div>\n\t\t\t\t\t<\/div>\n\t\t\t\t<\/div>\n\t\t<div class=\"elementor-element elementor-element-213a3e1 e-flex e-con-boxed e-con e-parent\" data-id=\"213a3e1\" data-element_type=\"container\">\n\t\t\t\t\t<div class=\"e-con-inner\">\n\t\t<div class=\"elementor-element elementor-element-8735286 e-con-full e-flex e-con e-child\" data-id=\"8735286\" data-element_type=\"container\">\n\t\t\t\t<div class=\"elementor-element elementor-element-d847a8f elementor-widget elementor-widget-image\" data-id=\"d847a8f\" data-element_type=\"widget\" data-widget_type=\"image.default\">\n\t\t\t\t<div class=\"elementor-widget-container\">\n\t\t\t\t\t\t\t\t\t\t\t\t\t\t\t<img fetchpriority=\"high\" decoding=\"async\" width=\"683\" height=\"1024\" src=\"https:\/\/www.fitmin-kennel.cz\/wp-content\/uploads\/2025\/07\/DSC_0136_13_11zon-683x1024.jpg\" class=\"attachment-large size-large wp-image-565\" alt=\"\" srcset=\"https:\/\/www.fitmin-kennel.cz\/wp-content\/uploads\/2025\/07\/DSC_0136_13_11zon-683x1024.jpg 683w, https:\/\/www.fitmin-kennel.cz\/wp-content\/uploads\/2025\/07\/DSC_0136_13_11zon-200x300.jpg 200w, https:\/\/www.fitmin-kennel.cz\/wp-content\/uploads\/2025\/07\/DSC_0136_13_11zon-768x1152.jpg 768w, https:\/\/www.fitmin-kennel.cz\/wp-content\/uploads\/2025\/07\/DSC_0136_13_11zon-1024x1536.jpg 1024w, https:\/\/www.fitmin-kennel.cz\/wp-content\/uploads\/2025\/07\/DSC_0136_13_11zon-1365x2048.jpg 1365w, https:\/\/www.fitmin-kennel.cz\/wp-content\/uploads\/2025\/07\/DSC_0136_13_11zon-scaled.jpg 1707w\" sizes=\"(max-width: 683px) 100vw, 683px\" \/>\t\t\t\t\t\t\t\t\t\t\t\t\t\t\t<\/div>\n\t\t\t\t<\/div>\n\t\t\t\t<\/div>\n\t\t<div class=\"elementor-element elementor-element-8a5ea7a e-con-full e-flex e-con e-child\" data-id=\"8a5ea7a\" data-element_type=\"container\">\n\t\t<div class=\"elementor-element elementor-element-80f5c9a e-con-full e-flex e-con e-child\" data-id=\"80f5c9a\" data-element_type=\"container\">\n\t\t\t\t<div class=\"elementor-element elementor-element-df81eba elementor-widget elementor-widget-image\" data-id=\"df81eba\" data-element_type=\"widget\" data-widget_type=\"image.default\">\n\t\t\t\t<div class=\"elementor-widget-container\">\n\t\t\t\t\t\t\t\t\t\t\t\t\t\t\t<img decoding=\"async\" width=\"1024\" height=\"683\" src=\"https:\/\/www.fitmin-kennel.cz\/wp-content\/uploads\/2025\/07\/DSC_0217_15_11zon_29_11zon-1024x683.jpg\" class=\"attachment-large size-large wp-image-570\" alt=\"\" srcset=\"https:\/\/www.fitmin-kennel.cz\/wp-content\/uploads\/2025\/07\/DSC_0217_15_11zon_29_11zon-1024x683.jpg 1024w, https:\/\/www.fitmin-kennel.cz\/wp-content\/uploads\/2025\/07\/DSC_0217_15_11zon_29_11zon-300x200.jpg 300w, https:\/\/www.fitmin-kennel.cz\/wp-content\/uploads\/2025\/07\/DSC_0217_15_11zon_29_11zon-768x512.jpg 768w, https:\/\/www.fitmin-kennel.cz\/wp-content\/uploads\/2025\/07\/DSC_0217_15_11zon_29_11zon-1536x1024.jpg 1536w, https:\/\/www.fitmin-kennel.cz\/wp-content\/uploads\/2025\/07\/DSC_0217_15_11zon_29_11zon-2048x1365.jpg 2048w\" sizes=\"(max-width: 1024px) 100vw, 1024px\" \/>\t\t\t\t\t\t\t\t\t\t\t\t\t\t\t<\/div>\n\t\t\t\t<\/div>\n\t\t\t\t<div class=\"elementor-element elementor-element-ef0cbf6 elementor-widget elementor-widget-image\" data-id=\"ef0cbf6\" data-element_type=\"widget\" data-widget_type=\"image.default\">\n\t\t\t\t<div class=\"elementor-widget-container\">\n\t\t\t\t\t\t\t\t\t\t\t\t\t\t\t<img decoding=\"async\" width=\"1024\" height=\"683\" src=\"https:\/\/www.fitmin-kennel.cz\/wp-content\/uploads\/2025\/07\/DSC_0306_zmena_20_11zon-1024x683.jpg\" class=\"attachment-large size-large wp-image-573\" alt=\"\" srcset=\"https:\/\/www.fitmin-kennel.cz\/wp-content\/uploads\/2025\/07\/DSC_0306_zmena_20_11zon-1024x683.jpg 1024w, https:\/\/www.fitmin-kennel.cz\/wp-content\/uploads\/2025\/07\/DSC_0306_zmena_20_11zon-300x200.jpg 300w, https:\/\/www.fitmin-kennel.cz\/wp-content\/uploads\/2025\/07\/DSC_0306_zmena_20_11zon-768x512.jpg 768w, https:\/\/www.fitmin-kennel.cz\/wp-content\/uploads\/2025\/07\/DSC_0306_zmena_20_11zon-1536x1024.jpg 1536w, https:\/\/www.fitmin-kennel.cz\/wp-content\/uploads\/2025\/07\/DSC_0306_zmena_20_11zon-2048x1365.jpg 2048w\" sizes=\"(max-width: 1024px) 100vw, 1024px\" \/>\t\t\t\t\t\t\t\t\t\t\t\t\t\t\t<\/div>\n\t\t\t\t<\/div>\n\t\t\t\t<\/div>\n\t\t\t\t<\/div>\n\t\t\t\t\t<\/div>\n\t\t\t\t<\/div>\n\t\t\t\t<\/div>\n\t\t","protected":false},"excerpt":{"rendered":"<p>Na\u0161e sme\u010dka Zooming to Sun Fitmin Narozena 15.1.2023Otec: Tehya Show Me the WorldMatka: Lambrusco Emilia FitminDKK (HD) A, DKL 0\/0, [&hellip;]<\/p>\n","protected":false},"author":1,"featured_media":0,"parent":0,"menu_order":0,"comment_status":"closed","ping_status":"closed","template":"","meta":{"site-sidebar-layout":"no-sidebar","site-content-layout":"","ast-site-content-layout":"full-width-container","site-content-style":"default","site-sidebar-style":"default","ast-global-header-display":"","ast-banner-title-visibility":"","ast-main-header-display":"","ast-hfb-above-header-display":"","ast-hfb-below-header-display":"","ast-hfb-mobile-header-display":"","site-post-title":"disabled","ast-breadcrumbs-content":"","ast-featured-img":"disabled","footer-sml-layout":"","theme-transparent-header-meta":"","adv-header-id-meta":"","stick-header-meta":"","header-above-stick-meta":"","header-main-stick-meta":"","header-below-stick-meta":"","astra-migrate-meta-layouts":"default","ast-page-background-enabled":"default","ast-page-background-meta":{"desktop":{"background-color":"var(--ast-global-color-5)","background-image":"","background-repeat":"repeat","background-position":"center center","background-size":"auto","background-attachment":"scroll","background-type":"","background-media":"","overlay-type":"","overlay-color":"","overlay-opacity":"","overlay-gradient":""},"tablet":{"background-color":"","background-image":"","background-repeat":"repeat","background-position":"center center","background-size":"auto","background-attachment":"scroll","background-type":"","background-media":"","overlay-type":"","overlay-color":"","overlay-opacity":"","overlay-gradient":""},"mobile":{"background-color":"","background-image":"","background-repeat":"repeat","background-position":"center center","background-size":"auto","background-attachment":"scroll","background-type":"","background-media":"","overlay-type":"","overlay-color":"","overlay-opacity":"","overlay-gradient":""}},"ast-content-background-meta":{"desktop":{"background-color":"var(--ast-global-color-4)","background-image":"","background-repeat":"repeat","background-position":"center center","background-size":"auto","background-attachment":"scroll","background-type":"","background-media":"","overlay-type":"","overlay-color":"","overlay-opacity":"","overlay-gradient":""},"tablet":{"background-color":"var(--ast-global-color-4)","background-image":"","background-repeat":"repeat","background-position":"center center","background-size":"auto","background-attachment":"scroll","background-type":"","background-media":"","overlay-type":"","overlay-color":"","overlay-opacity":"","overlay-gradient":""},"mobile":{"background-color":"var(--ast-global-color-4)","background-image":"","background-repeat":"repeat","background-position":"center center","background-size":"auto","background-attachment":"scroll","background-type":"","background-media":"","overlay-type":"","overlay-color":"","overlay-opacity":"","overlay-gradient":""}},"footnotes":""},"class_list":["post-526","page","type-page","status-publish","hentry"],"_links":{"self":[{"href":"https:\/\/www.fitmin-kennel.cz\/index.php?rest_route=\/wp\/v2\/pages\/526","targetHints":{"allow":["GET"]}}],"collection":[{"href":"https:\/\/www.fitmin-kennel.cz\/index.php?rest_route=\/wp\/v2\/pages"}],"about":[{"href":"https:\/\/www.fitmin-kennel.cz\/index.php?rest_route=\/wp\/v2\/types\/page"}],"author":[{"embeddable":true,"href":"https:\/\/www.fitmin-kennel.cz\/index.php?rest_route=\/wp\/v2\/users\/1"}],"replies":[{"embeddable":true,"href":"https:\/\/www.fitmin-kennel.cz\/index.php?rest_route=%2Fwp%2Fv2%2Fcomments&post=526"}],"version-history":[{"count":10,"href":"https:\/\/www.fitmin-kennel.cz\/index.php?rest_route=\/wp\/v2\/pages\/526\/revisions"}],"predecessor-version":[{"id":783,"href":"https:\/\/www.fitmin-kennel.cz\/index.php?rest_route=\/wp\/v2\/pages\/526\/revisions\/783"}],"wp:attachment":[{"href":"https:\/\/www.fitmin-kennel.cz\/index.php?rest_route=%2Fwp%2Fv2%2Fmedia&parent=526"}],"curies":[{"name":"wp","href":"https:\/\/api.w.org\/{rel}","templated":true}]}}