{"id":213,"date":"2025-05-12T13:33:26","date_gmt":"2025-05-12T11:33:26","guid":{"rendered":"https:\/\/www.fitmin-kennel.cz\/?page_id=213"},"modified":"2025-05-12T19:48:15","modified_gmt":"2025-05-12T17:48:15","slug":"boc","status":"publish","type":"page","link":"https:\/\/www.fitmin-kennel.cz\/?page_id=213","title":{"rendered":"BOC"},"content":{"rendered":"\t\t<div data-elementor-type=\"wp-page\" data-elementor-id=\"213\" class=\"elementor elementor-213\">\n\t\t\t\t<div class=\"elementor-element elementor-element-2c15210 e-flex e-con-boxed e-con e-parent\" data-id=\"2c15210\" data-element_type=\"container\" data-settings=\"{&quot;background_background&quot;:&quot;classic&quot;}\">\n\t\t\t\t\t<div class=\"e-con-inner\">\n\t\t\t\t<div class=\"elementor-element elementor-element-af24f91 elementor-widget elementor-widget-heading\" data-id=\"af24f91\" data-element_type=\"widget\" data-widget_type=\"heading.default\">\n\t\t\t\t<div class=\"elementor-widget-container\">\n\t\t\t\t\t<h1 class=\"elementor-heading-title elementor-size-default\">Standard Border Kolie<\/h1>\t\t\t\t<\/div>\n\t\t\t\t<\/div>\n\t\t\t\t\t<\/div>\n\t\t\t\t<\/div>\n\t\t<div class=\"elementor-element elementor-element-74a001a e-flex e-con-boxed e-con e-parent\" data-id=\"74a001a\" data-element_type=\"container\">\n\t\t\t\t\t<div class=\"e-con-inner\">\n\t\t\t\t<div class=\"elementor-element elementor-element-73b0c41 elementor-widget elementor-widget-text-editor\" data-id=\"73b0c41\" data-element_type=\"widget\" data-widget_type=\"text-editor.default\">\n\t\t\t\t<div class=\"elementor-widget-container\">\n\t\t\t\t\t\t\t\t\t<h3 class=\"mbr-section-subtitle align-left mbr-light mbr-white pb-3 mbr-fonts-style display-7\"><strong>Dle FCI Standard N\u00b0 297\/28.10.2009\/G<\/strong><\/h3><p class=\"mbr-text align-left mbr-white mbr-fonts-style display-7\">Zem\u011b p\u016fvodu: Velk\u00e1 Brit\u00e1nie.<\/p><p>Datum publikace origin\u00e1ln\u00edho platn\u00e9ho standardu: 24.06.1987.<\/p><p>Pou\u017eit\u00ed: Ov\u010d\u00e1ck\u00fd pes.<\/p><p>Klasifikace FCI<br \/>Skupina 1 \u2013 Psi ov\u010d\u00e1ci a hon\u00e1\u010dt\u00ed (krom\u011b ps\u016f \u0161v\u00fdcarsk\u00fdch sala\u0161nick\u00fdch).<br \/>Sekce 1 \u2013 Ov\u010d\u00e1ci.<br \/>S pracovn\u00ed zkou\u0161kou.<\/p><p><strong>Celkov\u00fd vzhled<\/strong><br \/>Pes dobr\u00fdch proporc\u00ed a ladn\u00fdch rys\u016f ukazuj\u00edc\u00edch kvalitu, p\u016fvab a dokonalou vyv\u00e1\u017eenost, kter\u00e9 ve spojen\u00ed s dostate\u010dnou t\u011blesnou stavbou demonstruj\u00ed jeho v\u00fdkonnost. Sklon k robustnosti i k p\u0159\u00edli\u0161n\u00e9 lehkosti je ne\u017e\u00e1douc\u00ed.<\/p><p><strong>D\u016fle\u017eit\u00e9 proporce<\/strong><br \/>D\u00e9lka \u010denichu a mozkovny je p\u0159ibli\u017en\u011b stejn\u00e1.<br \/>D\u00e9lka t\u011bla je m\u00edrn\u011b v\u011bt\u0161\u00ed, ne\u017e je v\u00fd\u0161ka v kohoutku.<\/p><p><strong>Povaha<\/strong><br \/>Vytrval\u00fd ov\u010d\u00e1ck\u00fd pes k tvrd\u00e9 pr\u00e1ci u st\u00e1da, v\u00fdborn\u011b ovladateln\u00fd. \u017div\u00fd, pozorn\u00fd, poslu\u0161n\u00fd a inteligentn\u00ed. Nesm\u00ed b\u00fdt ani nerv\u00f3zn\u00ed ani agresivn\u00ed.<\/p><p><strong>Hlava<\/strong><br \/><em>Mozkovna<\/em><br \/>Lebka: Dosti \u0161irok\u00e1, t\u00fdln\u00ed hrbol nev\u00fdrazn\u00fd.<br \/>Stop: Velmi v\u00fdrazn\u00fd.<\/p><p><em>L\u00edcn\u00ed \u010d\u00e1st<\/em><br \/>Nos: Nos \u010dern\u00fd, u hn\u011bd\u00fdch a \u010dokol\u00e1dov\u011b zbarven\u00fdch jedinc\u016f sm\u00ed b\u00fdt hn\u011bd\u00fd. U modr\u00fdch ps\u016f by m\u011bl b\u00fdt b\u0159idlicov\u00e9 barvy. Dob\u0159e vyvinut\u00e9 nosn\u00ed d\u00edrky<br \/>\u010cenich: \u010cenich se sm\u011brem k nosu zu\u017euje, je st\u0159edn\u011b kr\u00e1tk\u00fd a siln\u00fd.<br \/>\u010celisti\/zuby: Siln\u00e9 zuby a \u010delisti s dokonal\u00fdm pravideln\u00fdm a \u00fapln\u00fdm n\u016f\u017ekov\u00fdm skusem. To znamen\u00e1, \u017ee \u0159ez\u00e1ky horn\u00ed \u010delisti t\u011bsn\u011b p\u0159esahuj\u00ed \u0159ez\u00e1ky spodn\u00ed \u010delisti, p\u0159i\u010dem\u017e jsou vsazeny kolmo do \u010delisti.<br \/>L\u00edce: L\u00edce nejsou ani pln\u00e9, ani zaoblen\u00e9.<\/p><p>O\u010di: Posazen\u00e9 daleko od sebe, ov\u00e1ln\u00e9ho tvaru, st\u0159edn\u011b velk\u00e9. Barva hn\u011bd\u00e1, jen u merle zbarven\u00fdch ps\u016f mohou b\u00fdt jedno nebo ob\u011b o\u010di zcela, nebo \u010d\u00e1ste\u010dn\u011b modr\u00e9. Jemn\u00fd, bystr\u00fd, pozorn\u00fd a inteligentn\u00ed v\u00fdraz.<\/p><p>U\u0161i: St\u0159edn\u011b velk\u00e9 a st\u0159edn\u011b siln\u00e9, nasazen\u00e9 dostate\u010dn\u011b daleko od sebe. Jsou neseny vzty\u010den\u011b nebo polovzty\u010den\u011b. P\u0159i naslouch\u00e1n\u00ed jsou v\u00fdrazn\u011b pohybliv\u00e9.<\/p><p><strong>Krk<\/strong><br \/>Dobr\u00e9 d\u00e9lky, siln\u00fd a svalnat\u00fd, m\u00edrn\u011b klenut\u00fd a roz\u0161i\u0159uj\u00edc\u00ed se sm\u011brem k lopatk\u00e1m.<\/p><p><strong>Trup<\/strong><br \/>Atletick\u00fd vzhled. M\u00edrn\u011b del\u0161\u00ed, ne\u017e je v\u00fd\u0161ka v kohoutku.<\/p><p><strong>Bedra<\/strong><br \/>\u0160irok\u00e1 a svalnat\u00e1, ne v\u0161ak vystoupl\u00e1.<\/p><p><strong>Hrudn\u00edk<\/strong><br \/>Hlubok\u00fd a pom\u011brn\u011b \u0161irok\u00fd s dob\u0159e klenut\u00fdmi \u017eebry.<\/p><p><strong>Ocas<\/strong><br \/>St\u0159edn\u011b dlouh\u00fd, sv\u00fdm posledn\u00edm obratlem dosahuj\u00edc\u00ed minim\u00e1ln\u011b k hleznu. Je n\u00edzko nasazen\u00fd, dob\u0159e osrst\u011bn\u00fd, sm\u011brem ke \u0161pi\u010dce se st\u00e1\u010d\u00ed vzh\u016fru a dopl\u0148uje tak ladnou linii a vyv\u00e1\u017eenost psa.<\/p><p>P\u0159i vzru\u0161en\u00ed m\u016f\u017ee b\u00fdt vzty\u010den, nikdy v\u0161ak nen\u00ed nesen nad h\u0159betem.<\/p><p><strong>Kon\u010detiny<\/strong><br \/>P\u0159edn\u00ed \u010d\u00e1st t\u011bla: Hrudn\u00ed kon\u010detiny jsou p\u0159i pohledu zp\u0159edu rovnob\u011b\u017en\u00e9. Kosti jsou pevn\u00e9, ne v\u0161ak mohutn\u00e9.<br \/>Lopatky: Ulo\u017eeny vzad.<br \/>Lokty: P\u0159il\u00e9haj\u00ed k t\u011blu.<br \/>Z\u00e1p\u011bst\u00ed: P\u0159i pohledu z boku m\u00edrn\u011b \u0161ikm\u00e9.<br \/>P\u0159edn\u00ed tlapky: Ov\u00e1ln\u00e9ho tvaru s vysok\u00fdmi pol\u0161t\u00e1\u0159ky, pevn\u00e9 a dob\u0159e stav\u011bn\u00e9. Prsty klenut\u00e9 a t\u011bsn\u011b navz\u00e1jem p\u0159il\u00e9haj\u00edc\u00ed. Dr\u00e1pky kr\u00e1tk\u00e9 a siln\u00e9.<\/p><p><strong>Zadn\u00ed \u010d\u00e1st t\u011bla<\/strong><br \/>\u0160irok\u00e1 a svalnat\u00e1 v profilu ladn\u011b p\u0159ech\u00e1zej\u00edc\u00ed k nasazen\u00ed ocasu.<\/p><p><strong>Stehna<\/strong><br \/>Dlouh\u00e1, siln\u00e1 a svalnat\u00e1.<\/p><p><strong>Kolena<\/strong><br \/>Dob\u0159e za\u00fahlen\u00e1.<\/p><p><strong>Hlezen\u00ed kloub<\/strong><br \/>Pevn\u00fd, hluboce ulo\u017een\u00fd.<\/p><p><strong>Z\u00e1p\u011bst\u00ed<\/strong><br \/>Od hlezna k zemi jsou zadn\u00ed nohy stav\u011bny z pevn\u00fdch p\u0159i pohledu zezadu rovnob\u011b\u017en\u00fdch kost\u00ed.<\/p><p><strong>Zadn\u00ed tlapky<\/strong><br \/>Ov\u00e1ln\u00e9ho tvaru s vysok\u00fdmi pol\u0161t\u00e1\u0159ky, pevn\u00e9 a dob\u0159e stav\u011bn\u00e9. Prsty klenut\u00e9 a t\u011bsn\u011b navz\u00e1jem p\u0159il\u00e9haj\u00edc\u00ed. Dr\u00e1pky kr\u00e1tk\u00e9 a siln\u00e9.<\/p><p><strong>Ch\u016fze\/Pohyb<\/strong><br \/>Voln\u00fd, plynul\u00fd a ne\u00fanavn\u00fd. N\u00edzko zvedan\u00e9 tlapky vzbuzuj\u00ed dojem, \u017ee je pes schopen pohybovat se nen\u00e1padn\u011b a velmi rychle.<\/p><p><strong>Srst<\/strong><br \/>Osrst\u011bn\u00ed: st\u0159edn\u011b dlouh\u00e9 a kr\u00e1tk\u00e9.<\/p><p>U obou variant je kryc\u00ed srst hust\u00e1 a st\u0159edn\u00ed textury s m\u011bkkou a hustou podsadou, kter\u00e1 vytv\u00e1\u0159\u00ed v\u00fdbornou ochranu proti pov\u011btrnostn\u00edm vliv\u016fm. U st\u0159edn\u011b dlouh\u00e9 varianty vytv\u00e1\u0159\u00ed bohat\u00e1 srst h\u0159\u00edvu, kalhoty a prapor. V obli\u010dejov\u00e9 \u010d\u00e1sti, na u\u0161\u00edch, na hrudn\u00edch kon\u010detin\u00e1ch (s v\u00fdjimkou praporc\u016f) a na p\u00e1nevn\u00edch kon\u010detin\u00e1ch od hlezen k zemi m\u00e1 b\u00fdt srst kr\u00e1tk\u00e1 a hladk\u00e1.<\/p><p><strong>Barva<\/strong><br \/>Dovoleno je mno\u017estv\u00ed barev, p\u0159i\u010dem\u017e nikdy nesm\u00ed p\u0159evl\u00e1dat b\u00edl\u00e1.<\/p><p><strong>V\u00fd\u0161ka<\/strong><br \/>Ide\u00e1ln\u00ed v\u00fd\u0161ka v kohoutku:<br \/>Psi: 53 cm (21 palc\u016f)<br \/>Feny: o n\u011bco m\u00e9n\u011b<\/p><p><strong>Vady<\/strong><br \/>Ka\u017ed\u00e1 odchylka od v\u00fd\u0161e uveden\u00fdch po\u017eadavk\u016f mus\u00ed b\u00fdt pova\u017eov\u00e1na za vadu a posouzen\u00ed jej\u00ed z\u00e1va\u017enosti mus\u00ed b\u00fdt p\u0159\u00edmo \u00fam\u011brn\u00e9 stupni odchylky, jej\u00edmu vlivu na zdrav\u00ed a pohodu psa a na jeho schopnost vykon\u00e1vat jeho tradi\u010dn\u00ed pr\u00e1ci.<\/p><p><strong>Vy\u0159azuj\u00edc\u00ed vady<\/strong><br \/>Agresivn\u00ed nebo p\u0159\u00edli\u0161 b\u00e1zliv\u00fd.<br \/>Z chovu m\u00e1 b\u00fdt vy\u0159azen ka\u017ed\u00fd pes, kter\u00fd z\u0159eteln\u011b vykazuje abnormality fyzick\u00e9 nebo v chov\u00e1n\u00ed.<\/p><p>Pozn\u00e1mka: Psi maj\u00ed m\u00edt dv\u011b z\u0159eteln\u011b norm\u00e1ln\u00ed varlata, pln\u011b sestoupl\u00e1 v \u0161ourku.<\/p><p><a href=\"https:\/\/www.bcccz.cz\/?r=oplemeni\" target=\"_blank\" rel=\"noopener\">Historie plemene zde.<\/a><\/p>\t\t\t\t\t\t\t\t<\/div>\n\t\t\t\t<\/div>\n\t\t\t\t\t<\/div>\n\t\t\t\t<\/div>\n\t\t\t\t<\/div>\n\t\t","protected":false},"excerpt":{"rendered":"<p>Standard Border Kolie Dle FCI Standard N\u00b0 297\/28.10.2009\/G Zem\u011b p\u016fvodu: Velk\u00e1 Brit\u00e1nie. Datum publikace origin\u00e1ln\u00edho platn\u00e9ho standardu: 24.06.1987. Pou\u017eit\u00ed: Ov\u010d\u00e1ck\u00fd [&hellip;]<\/p>\n","protected":false},"author":1,"featured_media":0,"parent":0,"menu_order":0,"comment_status":"closed","ping_status":"closed","template":"","meta":{"site-sidebar-layout":"no-sidebar","site-content-layout":"","ast-site-content-layout":"full-width-container","site-content-style":"default","site-sidebar-style":"default","ast-global-header-display":"","ast-banner-title-visibility":"","ast-main-header-display":"","ast-hfb-above-header-display":"","ast-hfb-below-header-display":"","ast-hfb-mobile-header-display":"","site-post-title":"disabled","ast-breadcrumbs-content":"","ast-featured-img":"disabled","footer-sml-layout":"","theme-transparent-header-meta":"","adv-header-id-meta":"","stick-header-meta":"","header-above-stick-meta":"","header-main-stick-meta":"","header-below-stick-meta":"","astra-migrate-meta-layouts":"default","ast-page-background-enabled":"default","ast-page-background-meta":{"desktop":{"background-color":"var(--ast-global-color-5)","background-image":"","background-repeat":"repeat","background-position":"center center","background-size":"auto","background-attachment":"scroll","background-type":"","background-media":"","overlay-type":"","overlay-color":"","overlay-opacity":"","overlay-gradient":""},"tablet":{"background-color":"","background-image":"","background-repeat":"repeat","background-position":"center center","background-size":"auto","background-attachment":"scroll","background-type":"","background-media":"","overlay-type":"","overlay-color":"","overlay-opacity":"","overlay-gradient":""},"mobile":{"background-color":"","background-image":"","background-repeat":"repeat","background-position":"center center","background-size":"auto","background-attachment":"scroll","background-type":"","background-media":"","overlay-type":"","overlay-color":"","overlay-opacity":"","overlay-gradient":""}},"ast-content-background-meta":{"desktop":{"background-color":"var(--ast-global-color-4)","background-image":"","background-repeat":"repeat","background-position":"center center","background-size":"auto","background-attachment":"scroll","background-type":"","background-media":"","overlay-type":"","overlay-color":"","overlay-opacity":"","overlay-gradient":""},"tablet":{"background-color":"var(--ast-global-color-4)","background-image":"","background-repeat":"repeat","background-position":"center center","background-size":"auto","background-attachment":"scroll","background-type":"","background-media":"","overlay-type":"","overlay-color":"","overlay-opacity":"","overlay-gradient":""},"mobile":{"background-color":"var(--ast-global-color-4)","background-image":"","background-repeat":"repeat","background-position":"center center","background-size":"auto","background-attachment":"scroll","background-type":"","background-media":"","overlay-type":"","overlay-color":"","overlay-opacity":"","overlay-gradient":""}},"footnotes":""},"class_list":["post-213","page","type-page","status-publish","hentry"],"_links":{"self":[{"href":"https:\/\/www.fitmin-kennel.cz\/index.php?rest_route=\/wp\/v2\/pages\/213","targetHints":{"allow":["GET"]}}],"collection":[{"href":"https:\/\/www.fitmin-kennel.cz\/index.php?rest_route=\/wp\/v2\/pages"}],"about":[{"href":"https:\/\/www.fitmin-kennel.cz\/index.php?rest_route=\/wp\/v2\/types\/page"}],"author":[{"embeddable":true,"href":"https:\/\/www.fitmin-kennel.cz\/index.php?rest_route=\/wp\/v2\/users\/1"}],"replies":[{"embeddable":true,"href":"https:\/\/www.fitmin-kennel.cz\/index.php?rest_route=%2Fwp%2Fv2%2Fcomments&post=213"}],"version-history":[{"count":19,"href":"https:\/\/www.fitmin-kennel.cz\/index.php?rest_route=\/wp\/v2\/pages\/213\/revisions"}],"predecessor-version":[{"id":502,"href":"https:\/\/www.fitmin-kennel.cz\/index.php?rest_route=\/wp\/v2\/pages\/213\/revisions\/502"}],"wp:attachment":[{"href":"https:\/\/www.fitmin-kennel.cz\/index.php?rest_route=%2Fwp%2Fv2%2Fmedia&parent=213"}],"curies":[{"name":"wp","href":"https:\/\/api.w.org\/{rel}","templated":true}]}}