{"id":155,"date":"2025-05-12T13:02:55","date_gmt":"2025-05-12T11:02:55","guid":{"rendered":"https:\/\/www.fitmin-kennel.cz\/?page_id=155"},"modified":"2026-02-01T19:41:51","modified_gmt":"2026-02-01T18:41:51","slug":"stenata","status":"publish","type":"page","link":"https:\/\/www.fitmin-kennel.cz\/?page_id=155","title":{"rendered":"\u0160t\u011b\u0148ata"},"content":{"rendered":"\t\t<div data-elementor-type=\"wp-page\" data-elementor-id=\"155\" class=\"elementor elementor-155\">\n\t\t\t\t<div class=\"elementor-element elementor-element-aecaae9 e-flex e-con-boxed e-con e-parent\" data-id=\"aecaae9\" data-element_type=\"container\" data-settings=\"{&quot;background_background&quot;:&quot;classic&quot;}\">\n\t\t\t\t\t<div class=\"e-con-inner\">\n\t\t\t\t<div class=\"elementor-element elementor-element-02689f8 elementor-widget elementor-widget-heading\" data-id=\"02689f8\" data-element_type=\"widget\" data-widget_type=\"heading.default\">\n\t\t\t\t<div class=\"elementor-widget-container\">\n\t\t\t\t\t<h1 class=\"elementor-heading-title elementor-size-default\">\u0160t\u011b\u0148ata<\/h1>\t\t\t\t<\/div>\n\t\t\t\t<\/div>\n\t\t\t\t\t<\/div>\n\t\t\t\t<\/div>\n\t\t<div class=\"elementor-element elementor-element-cb6563b e-flex e-con-boxed e-con e-parent\" data-id=\"cb6563b\" data-element_type=\"container\">\n\t\t\t\t\t<div class=\"e-con-inner\">\n\t\t\t\t<div class=\"elementor-element elementor-element-5956dc8 elementor-widget elementor-widget-heading\" data-id=\"5956dc8\" data-element_type=\"widget\" data-widget_type=\"heading.default\">\n\t\t\t\t<div class=\"elementor-widget-container\">\n\t\t\t\t\t<h2 class=\"elementor-heading-title elementor-size-default\">\u0160t\u011b\u0148ata o\u010dek\u00e1v\u00e1me ji\u017e na p\u0159elomu \u00fanora\/b\u0159ezna ze spojen\u00ed: \nJust Be Happy a Grace of Angel\u00b4s Home You are a Gem (N\u011bmecko)<\/h2>\t\t\t\t<\/div>\n\t\t\t\t<\/div>\n\t\t\t\t\t<\/div>\n\t\t\t\t<\/div>\n\t\t<div class=\"elementor-element elementor-element-b57e680 e-flex e-con-boxed e-con e-parent\" data-id=\"b57e680\" data-element_type=\"container\">\n\t\t\t\t\t<div class=\"e-con-inner\">\n\t\t<div class=\"elementor-element elementor-element-67e0061 e-con-full e-flex e-con e-child\" data-id=\"67e0061\" data-element_type=\"container\">\n\t\t\t\t<div class=\"elementor-element elementor-element-34cf197 elementor-widget elementor-widget-image\" data-id=\"34cf197\" data-element_type=\"widget\" data-widget_type=\"image.default\">\n\t\t\t\t<div class=\"elementor-widget-container\">\n\t\t\t\t\t\t\t\t\t\t\t\t\t\t\t<img fetchpriority=\"high\" decoding=\"async\" width=\"683\" height=\"1024\" src=\"https:\/\/www.fitmin-kennel.cz\/wp-content\/uploads\/dsc_0174_optimized-e1769968933334-683x1024.jpg\" class=\"attachment-large size-large wp-image-821\" alt=\"\" srcset=\"https:\/\/www.fitmin-kennel.cz\/wp-content\/uploads\/dsc_0174_optimized-e1769968933334-683x1024.jpg 683w, https:\/\/www.fitmin-kennel.cz\/wp-content\/uploads\/dsc_0174_optimized-e1769968933334-200x300.jpg 200w, https:\/\/www.fitmin-kennel.cz\/wp-content\/uploads\/dsc_0174_optimized-e1769968933334-768x1152.jpg 768w, https:\/\/www.fitmin-kennel.cz\/wp-content\/uploads\/dsc_0174_optimized-e1769968933334-1024x1536.jpg 1024w, https:\/\/www.fitmin-kennel.cz\/wp-content\/uploads\/dsc_0174_optimized-e1769968933334-1365x2048.jpg 1365w\" sizes=\"(max-width: 683px) 100vw, 683px\" \/>\t\t\t\t\t\t\t\t\t\t\t\t\t\t\t<\/div>\n\t\t\t\t<\/div>\n\t\t\t\t<\/div>\n\t\t<div class=\"elementor-element elementor-element-beb6d42 e-con-full e-flex e-con e-child\" data-id=\"beb6d42\" data-element_type=\"container\">\n\t\t\t\t<div class=\"elementor-element elementor-element-e818d2e elementor-widget elementor-widget-image\" data-id=\"e818d2e\" data-element_type=\"widget\" data-widget_type=\"image.default\">\n\t\t\t\t<div class=\"elementor-widget-container\">\n\t\t\t\t\t\t\t\t\t\t\t\t\t\t\t<img decoding=\"async\" width=\"683\" height=\"1024\" src=\"https:\/\/www.fitmin-kennel.cz\/wp-content\/uploads\/Nachzucht-Juni-2022-044-12-683x1024.jpg\" class=\"attachment-large size-large wp-image-860\" alt=\"\" srcset=\"https:\/\/www.fitmin-kennel.cz\/wp-content\/uploads\/Nachzucht-Juni-2022-044-12-683x1024.jpg 683w, https:\/\/www.fitmin-kennel.cz\/wp-content\/uploads\/Nachzucht-Juni-2022-044-12-200x300.jpg 200w, https:\/\/www.fitmin-kennel.cz\/wp-content\/uploads\/Nachzucht-Juni-2022-044-12.jpg 710w\" sizes=\"(max-width: 683px) 100vw, 683px\" \/>\t\t\t\t\t\t\t\t\t\t\t\t\t\t\t<\/div>\n\t\t\t\t<\/div>\n\t\t\t\t<\/div>\n\t\t\t\t\t<\/div>\n\t\t\t\t<\/div>\n\t\t<div class=\"elementor-element elementor-element-1f9b064 e-flex e-con-boxed e-con e-parent\" data-id=\"1f9b064\" data-element_type=\"container\">\n\t\t\t\t\t<div class=\"e-con-inner\">\n\t\t\t\t<div class=\"elementor-element elementor-element-e3028ba elementor-widget-divider--view-line elementor-widget elementor-widget-divider\" data-id=\"e3028ba\" data-element_type=\"widget\" data-widget_type=\"divider.default\">\n\t\t\t\t<div class=\"elementor-widget-container\">\n\t\t\t\t\t\t\t<div class=\"elementor-divider\">\n\t\t\t<span class=\"elementor-divider-separator\">\n\t\t\t\t\t\t<\/span>\n\t\t<\/div>\n\t\t\t\t\t\t<\/div>\n\t\t\t\t<\/div>\n\t\t\t\t<div class=\"elementor-element elementor-element-e66b530 elementor-widget elementor-widget-heading\" data-id=\"e66b530\" data-element_type=\"widget\" data-widget_type=\"heading.default\">\n\t\t\t\t<div class=\"elementor-widget-container\">\n\t\t\t\t\t<h2 class=\"elementor-heading-title elementor-size-default\">Pro v\u00edce informac\u00ed<\/h2>\t\t\t\t<\/div>\n\t\t\t\t<\/div>\n\t\t\t\t<div class=\"elementor-element elementor-element-9437844 elementor-position-left elementor-mobile-position-left elementor-view-default elementor-widget elementor-widget-icon-box\" data-id=\"9437844\" data-element_type=\"widget\" data-widget_type=\"icon-box.default\">\n\t\t\t\t<div class=\"elementor-widget-container\">\n\t\t\t\t\t\t\t<div class=\"elementor-icon-box-wrapper\">\n\n\t\t\t\t\t\t<div class=\"elementor-icon-box-icon\">\n\t\t\t\t<span  class=\"elementor-icon\">\n\t\t\t\t<svg aria-hidden=\"true\" class=\"e-font-icon-svg e-fas-phone-alt\" viewBox=\"0 0 512 512\" xmlns=\"http:\/\/www.w3.org\/2000\/svg\"><path d=\"M497.39 361.8l-112-48a24 24 0 0 0-28 6.9l-49.6 60.6A370.66 370.66 0 0 1 130.6 204.11l60.6-49.6a23.94 23.94 0 0 0 6.9-28l-48-112A24.16 24.16 0 0 0 122.6.61l-104 24A24 24 0 0 0 0 48c0 256.5 207.9 464 464 464a24 24 0 0 0 23.4-18.6l24-104a24.29 24.29 0 0 0-14.01-27.6z\"><\/path><\/svg>\t\t\t\t<\/span>\n\t\t\t<\/div>\n\t\t\t\n\t\t\t\t\t\t<div class=\"elementor-icon-box-content\">\n\n\t\t\t\t\t\t\t\t\t<h3 class=\"elementor-icon-box-title\">\n\t\t\t\t\t\t<span  >\n\t\t\t\t\t\t\t739 665 451\t\t\t\t\t\t<\/span>\n\t\t\t\t\t<\/h3>\n\t\t\t\t\n\t\t\t\t\n\t\t\t<\/div>\n\t\t\t\n\t\t<\/div>\n\t\t\t\t\t\t<\/div>\n\t\t\t\t<\/div>\n\t\t\t\t<div class=\"elementor-element elementor-element-f85a5c1 elementor-position-left elementor-mobile-position-left elementor-view-default elementor-widget elementor-widget-icon-box\" data-id=\"f85a5c1\" data-element_type=\"widget\" data-widget_type=\"icon-box.default\">\n\t\t\t\t<div class=\"elementor-widget-container\">\n\t\t\t\t\t\t\t<div class=\"elementor-icon-box-wrapper\">\n\n\t\t\t\t\t\t<div class=\"elementor-icon-box-icon\">\n\t\t\t\t<span  class=\"elementor-icon\">\n\t\t\t\t<svg aria-hidden=\"true\" class=\"e-font-icon-svg e-fas-phone-alt\" viewBox=\"0 0 512 512\" xmlns=\"http:\/\/www.w3.org\/2000\/svg\"><path d=\"M497.39 361.8l-112-48a24 24 0 0 0-28 6.9l-49.6 60.6A370.66 370.66 0 0 1 130.6 204.11l60.6-49.6a23.94 23.94 0 0 0 6.9-28l-48-112A24.16 24.16 0 0 0 122.6.61l-104 24A24 24 0 0 0 0 48c0 256.5 207.9 464 464 464a24 24 0 0 0 23.4-18.6l24-104a24.29 24.29 0 0 0-14.01-27.6z\"><\/path><\/svg>\t\t\t\t<\/span>\n\t\t\t<\/div>\n\t\t\t\n\t\t\t\t\t\t<div class=\"elementor-icon-box-content\">\n\n\t\t\t\t\t\t\t\t\t<h3 class=\"elementor-icon-box-title\">\n\t\t\t\t\t\t<span  >\n\t\t\t\t\t\t\t777 552 863\t\t\t\t\t\t<\/span>\n\t\t\t\t\t<\/h3>\n\t\t\t\t\n\t\t\t\t\n\t\t\t<\/div>\n\t\t\t\n\t\t<\/div>\n\t\t\t\t\t\t<\/div>\n\t\t\t\t<\/div>\n\t\t\t\t\t<\/div>\n\t\t\t\t<\/div>\n\t\t<div class=\"elementor-element elementor-element-c31d79c e-flex e-con-boxed e-con e-parent\" data-id=\"c31d79c\" data-element_type=\"container\" data-settings=\"{&quot;background_background&quot;:&quot;classic&quot;}\">\n\t\t\t\t\t<div class=\"e-con-inner\">\n\t\t\t\t<div class=\"elementor-element elementor-element-2a9a1b4 elementor-widget-divider--view-line elementor-widget elementor-widget-divider\" data-id=\"2a9a1b4\" data-element_type=\"widget\" data-widget_type=\"divider.default\">\n\t\t\t\t<div class=\"elementor-widget-container\">\n\t\t\t\t\t\t\t<div class=\"elementor-divider\">\n\t\t\t<span class=\"elementor-divider-separator\">\n\t\t\t\t\t\t<\/span>\n\t\t<\/div>\n\t\t\t\t\t\t<\/div>\n\t\t\t\t<\/div>\n\t\t<div class=\"elementor-element elementor-element-6ead9d5 e-con-full e-flex e-con e-child\" data-id=\"6ead9d5\" data-element_type=\"container\" data-settings=\"{&quot;background_background&quot;:&quot;classic&quot;}\">\n\t\t\t\t<div class=\"elementor-element elementor-element-d58f2cc elementor-widget elementor-widget-image\" data-id=\"d58f2cc\" data-element_type=\"widget\" data-widget_type=\"image.default\">\n\t\t\t\t<div class=\"elementor-widget-container\">\n\t\t\t\t\t\t\t\t\t\t\t\t\t\t\t\t<a href=\"https:\/\/www.4dox.cz\/\" target=\"_blank\">\n\t\t\t\t\t\t\t<img decoding=\"async\" width=\"1024\" height=\"309\" src=\"https:\/\/www.fitmin-kennel.cz\/wp-content\/uploads\/2025\/07\/logo-black-1024x309.png\" class=\"attachment-large size-large wp-image-711\" alt=\"\" srcset=\"https:\/\/www.fitmin-kennel.cz\/wp-content\/uploads\/2025\/07\/logo-black-1024x309.png 1024w, https:\/\/www.fitmin-kennel.cz\/wp-content\/uploads\/2025\/07\/logo-black-300x91.png 300w, https:\/\/www.fitmin-kennel.cz\/wp-content\/uploads\/2025\/07\/logo-black-768x232.png 768w, https:\/\/www.fitmin-kennel.cz\/wp-content\/uploads\/2025\/07\/logo-black-1536x464.png 1536w, https:\/\/www.fitmin-kennel.cz\/wp-content\/uploads\/2025\/07\/logo-black-2048x619.png 2048w\" sizes=\"(max-width: 1024px) 100vw, 1024px\" \/>\t\t\t\t\t\t\t\t<\/a>\n\t\t\t\t\t\t\t\t\t\t\t\t\t\t\t<\/div>\n\t\t\t\t<\/div>\n\t\t\t\t<div class=\"elementor-element elementor-element-e8e0eaa elementor-widget elementor-widget-heading\" data-id=\"e8e0eaa\" data-element_type=\"widget\" data-widget_type=\"heading.default\">\n\t\t\t\t<div class=\"elementor-widget-container\">\n\t\t\t\t\t<h2 class=\"elementor-heading-title elementor-size-default\">N\u00e1\u0161 dodavatel obojk\u016f a postroj\u016f pro psy Chovatelsk\u00e9ho centra Fitmin.<\/h2>\t\t\t\t<\/div>\n\t\t\t\t<\/div>\n\t\t\t\t<div class=\"elementor-element elementor-element-25372d2 elementor-align-center elementor-widget elementor-widget-button\" data-id=\"25372d2\" data-element_type=\"widget\" data-widget_type=\"button.default\">\n\t\t\t\t<div class=\"elementor-widget-container\">\n\t\t\t\t\t\t\t\t\t<div class=\"elementor-button-wrapper\">\n\t\t\t\t\t<a class=\"elementor-button elementor-button-link elementor-size-sm\" href=\"https:\/\/www.4dox.cz\/\">\n\t\t\t\t\t\t<span class=\"elementor-button-content-wrapper\">\n\t\t\t\t\t\t<span class=\"elementor-button-icon\">\n\t\t\t\t<svg aria-hidden=\"true\" class=\"e-font-icon-svg e-fas-chevron-circle-right\" viewBox=\"0 0 512 512\" xmlns=\"http:\/\/www.w3.org\/2000\/svg\"><path d=\"M256 8c137 0 248 111 248 248S393 504 256 504 8 393 8 256 119 8 256 8zm113.9 231L234.4 103.5c-9.4-9.4-24.6-9.4-33.9 0l-17 17c-9.4 9.4-9.4 24.6 0 33.9L285.1 256 183.5 357.6c-9.4 9.4-9.4 24.6 0 33.9l17 17c9.4 9.4 24.6 9.4 33.9 0L369.9 273c9.4-9.4 9.4-24.6 0-34z\"><\/path><\/svg>\t\t\t<\/span>\n\t\t\t\t\t\t\t\t\t<span class=\"elementor-button-text\">Vybrat si sv\u016fj kousek<\/span>\n\t\t\t\t\t<\/span>\n\t\t\t\t\t<\/a>\n\t\t\t\t<\/div>\n\t\t\t\t\t\t\t\t<\/div>\n\t\t\t\t<\/div>\n\t\t\t\t<\/div>\n\t\t\t\t\t<\/div>\n\t\t\t\t<\/div>\n\t\t<div class=\"elementor-element elementor-element-7b65df5 e-flex e-con-boxed e-con e-parent\" data-id=\"7b65df5\" data-element_type=\"container\">\n\t\t\t\t\t<div class=\"e-con-inner\">\n\t\t\t\t<div class=\"elementor-element elementor-element-b48d8ea elementor-widget-divider--view-line elementor-widget elementor-widget-divider\" data-id=\"b48d8ea\" data-element_type=\"widget\" data-widget_type=\"divider.default\">\n\t\t\t\t<div class=\"elementor-widget-container\">\n\t\t\t\t\t\t\t<div class=\"elementor-divider\">\n\t\t\t<span class=\"elementor-divider-separator\">\n\t\t\t\t\t\t<\/span>\n\t\t<\/div>\n\t\t\t\t\t\t<\/div>\n\t\t\t\t<\/div>\n\t\t\t\t\t<\/div>\n\t\t\t\t<\/div>\n\t\t<div class=\"elementor-element elementor-element-afe3a95 e-flex e-con-boxed e-con e-parent\" data-id=\"afe3a95\" data-element_type=\"container\">\n\t\t\t\t\t<div class=\"e-con-inner\">\n\t\t\t\t<div class=\"elementor-element elementor-element-a5c03b4 elementor-widget elementor-widget-text-editor\" data-id=\"a5c03b4\" data-element_type=\"widget\" data-widget_type=\"text-editor.default\">\n\t\t\t\t<div class=\"elementor-widget-container\">\n\t\t\t\t\t\t\t\t\t<p>Ve zna\u010dce Fitmin se dlouhodob\u011b spojuje v\u00fdroba kvalitn\u00edch krmiv s chovatelstv\u00edm. Dokladem toho je\u00a0<strong>chovatelsk\u00e1 stanice Fitmin<\/strong>\u00a0zam\u011b\u0159en\u00e1 na psy plemene Border kolie, kter\u00e9 jsme vybrali z\u00e1m\u011brn\u011b, a to pro jeho citlivost, vysokou inteligenci, v\u00fdborn\u00fd charakter a sportovn\u00ed p\u0159edpoklady.<\/p><p>Od sam\u00e9ho po\u010d\u00e1tku je na\u0161\u00edm posl\u00e1n\u00edm vychov\u00e1vat zdrav\u00e9 a spokojen\u00e9 psy, kte\u0159\u00ed budou v\u0161estrann\u00ed, oce\u0148ovan\u00ed nejen na v\u00fdstav\u00e1ch kr\u00e1sy, ale tak\u00e9 na zkou\u0161k\u00e1ch a v kynologick\u00fdch sportech. Skv\u011bl\u00e1 kondice na\u0161ich ps\u016f a jejich \u00fasp\u011bchy n\u00e1s t\u011b\u0161\u00ed i proto, \u017ee je vyu\u017e\u00edv\u00e1me pro ov\u011b\u0159ov\u00e1n\u00ed chutnosti a kvality krmiv zna\u010dky Fitmin. Jsou tak pro na\u0161e krmiva tou nejlep\u0161\u00ed referenc\u00ed.<\/p><p>Od zalo\u017een\u00ed na\u0161\u00ed stanice v roce 2002 jsme odchovali u\u017e p\u0159es 50 vrh\u016f a p\u0159es\u00e1hli jsme kr\u00e1sn\u00fd po\u010det 300 \u0161t\u011b\u0148at, kter\u00e1 d\u011blaj\u00ed radost sv\u00fdm nov\u00fdm majitel\u016fm.<\/p><p>A mezi nov\u00e9 majitele \u0161t\u011b\u0148at z chovatelsk\u00e9 stanice Fitmin se m\u016f\u017eete za\u0159adit i vy.<\/p><p>Zaj\u00edm\u00e1 v\u00e1s v\u00edc? Pod\u00edvejte se na\u00a0<a href=\"https:\/\/www.fitmin-kennel.cz\/?page_id=200\"><strong>rodi\u010de na\u0161ich \u0161t\u011b\u0148at<\/strong><\/a>.<\/p>\t\t\t\t\t\t\t\t<\/div>\n\t\t\t\t<\/div>\n\t\t\t\t\t<\/div>\n\t\t\t\t<\/div>\n\t\t<div class=\"elementor-element elementor-element-a96725a e-flex e-con-boxed e-con e-parent\" data-id=\"a96725a\" data-element_type=\"container\">\n\t\t\t\t\t<div class=\"e-con-inner\">\n\t\t\t\t<div class=\"elementor-element elementor-element-81ba6e7 elementor-widget elementor-widget-image\" data-id=\"81ba6e7\" data-element_type=\"widget\" data-widget_type=\"image.default\">\n\t\t\t\t<div class=\"elementor-widget-container\">\n\t\t\t\t\t\t\t\t\t\t\t\t\t\t\t<img loading=\"lazy\" decoding=\"async\" width=\"520\" height=\"276\" src=\"https:\/\/www.fitmin-kennel.cz\/wp-content\/uploads\/2025\/05\/fitmin-kennel-1.jpg\" class=\"attachment-1536x1536 size-1536x1536 wp-image-19\" alt=\"\" srcset=\"https:\/\/www.fitmin-kennel.cz\/wp-content\/uploads\/2025\/05\/fitmin-kennel-1.jpg 520w, https:\/\/www.fitmin-kennel.cz\/wp-content\/uploads\/2025\/05\/fitmin-kennel-1-300x159.jpg 300w\" sizes=\"(max-width: 520px) 100vw, 520px\" \/>\t\t\t\t\t\t\t\t\t\t\t\t\t\t\t<\/div>\n\t\t\t\t<\/div>\n\t\t\t\t\t<\/div>\n\t\t\t\t<\/div>\n\t\t\t\t<\/div>\n\t\t","protected":false},"excerpt":{"rendered":"<p>\u0160t\u011b\u0148ata \u0160t\u011b\u0148ata o\u010dek\u00e1v\u00e1me ji\u017e na p\u0159elomu \u00fanora\/b\u0159ezna ze spojen\u00ed: Just Be Happy a Grace of Angel\u00b4s Home You are a [&hellip;]<\/p>\n","protected":false},"author":1,"featured_media":0,"parent":0,"menu_order":0,"comment_status":"closed","ping_status":"closed","template":"","meta":{"site-sidebar-layout":"no-sidebar","site-content-layout":"","ast-site-content-layout":"full-width-container","site-content-style":"default","site-sidebar-style":"default","ast-global-header-display":"","ast-banner-title-visibility":"","ast-main-header-display":"","ast-hfb-above-header-display":"","ast-hfb-below-header-display":"","ast-hfb-mobile-header-display":"","site-post-title":"disabled","ast-breadcrumbs-content":"","ast-featured-img":"disabled","footer-sml-layout":"","theme-transparent-header-meta":"","adv-header-id-meta":"","stick-header-meta":"","header-above-stick-meta":"","header-main-stick-meta":"","header-below-stick-meta":"","astra-migrate-meta-layouts":"default","ast-page-background-enabled":"default","ast-page-background-meta":{"desktop":{"background-color":"var(--ast-global-color-5)","background-image":"","background-repeat":"repeat","background-position":"center center","background-size":"auto","background-attachment":"scroll","background-type":"","background-media":"","overlay-type":"","overlay-color":"","overlay-opacity":"","overlay-gradient":""},"tablet":{"background-color":"","background-image":"","background-repeat":"repeat","background-position":"center center","background-size":"auto","background-attachment":"scroll","background-type":"","background-media":"","overlay-type":"","overlay-color":"","overlay-opacity":"","overlay-gradient":""},"mobile":{"background-color":"","background-image":"","background-repeat":"repeat","background-position":"center center","background-size":"auto","background-attachment":"scroll","background-type":"","background-media":"","overlay-type":"","overlay-color":"","overlay-opacity":"","overlay-gradient":""}},"ast-content-background-meta":{"desktop":{"background-color":"var(--ast-global-color-4)","background-image":"","background-repeat":"repeat","background-position":"center center","background-size":"auto","background-attachment":"scroll","background-type":"","background-media":"","overlay-type":"","overlay-color":"","overlay-opacity":"","overlay-gradient":""},"tablet":{"background-color":"var(--ast-global-color-4)","background-image":"","background-repeat":"repeat","background-position":"center center","background-size":"auto","background-attachment":"scroll","background-type":"","background-media":"","overlay-type":"","overlay-color":"","overlay-opacity":"","overlay-gradient":""},"mobile":{"background-color":"var(--ast-global-color-4)","background-image":"","background-repeat":"repeat","background-position":"center center","background-size":"auto","background-attachment":"scroll","background-type":"","background-media":"","overlay-type":"","overlay-color":"","overlay-opacity":"","overlay-gradient":""}},"footnotes":""},"class_list":["post-155","page","type-page","status-publish","hentry"],"_links":{"self":[{"href":"https:\/\/www.fitmin-kennel.cz\/index.php?rest_route=\/wp\/v2\/pages\/155","targetHints":{"allow":["GET"]}}],"collection":[{"href":"https:\/\/www.fitmin-kennel.cz\/index.php?rest_route=\/wp\/v2\/pages"}],"about":[{"href":"https:\/\/www.fitmin-kennel.cz\/index.php?rest_route=\/wp\/v2\/types\/page"}],"author":[{"embeddable":true,"href":"https:\/\/www.fitmin-kennel.cz\/index.php?rest_route=\/wp\/v2\/users\/1"}],"replies":[{"embeddable":true,"href":"https:\/\/www.fitmin-kennel.cz\/index.php?rest_route=%2Fwp%2Fv2%2Fcomments&post=155"}],"version-history":[{"count":88,"href":"https:\/\/www.fitmin-kennel.cz\/index.php?rest_route=\/wp\/v2\/pages\/155\/revisions"}],"predecessor-version":[{"id":866,"href":"https:\/\/www.fitmin-kennel.cz\/index.php?rest_route=\/wp\/v2\/pages\/155\/revisions\/866"}],"wp:attachment":[{"href":"https:\/\/www.fitmin-kennel.cz\/index.php?rest_route=%2Fwp%2Fv2%2Fmedia&parent=155"}],"curies":[{"name":"wp","href":"https:\/\/api.w.org\/{rel}","templated":true}]}}